{"id":883,"date":"2024-10-30T11:10:49","date_gmt":"2024-10-30T10:10:49","guid":{"rendered":"https:\/\/projekt.anrin.se\/impressum\/"},"modified":"2024-10-30T11:12:45","modified_gmt":"2024-10-30T10:12:45","slug":"impressum","status":"publish","type":"page","link":"https:\/\/projekt.anrin.se\/de\/impressum\/","title":{"rendered":"Impressum"},"content":{"rendered":"\t\t<div data-elementor-type=\"wp-page\" data-elementor-id=\"883\" class=\"elementor elementor-883 elementor-879\" data-elementor-post-type=\"page\">\n\t\t\t\t<div class=\"elementor-element elementor-element-dcc354d e-flex e-con-boxed e-con e-parent\" data-id=\"dcc354d\" data-element_type=\"container\" data-e-type=\"container\" data-settings=\"{&quot;jet_parallax_layout_list&quot;:[]}\">\n\t\t\t\t\t<div class=\"e-con-inner\">\n\t\t<div class=\"elementor-element elementor-element-61572dc e-con-full e-flex e-con e-child\" data-id=\"61572dc\" data-element_type=\"container\" data-e-type=\"container\" data-settings=\"{&quot;background_background&quot;:&quot;classic&quot;,&quot;jet_parallax_layout_list&quot;:[]}\">\n\t\t\t\t<div class=\"elementor-element elementor-element-43b8c39 elementor-widget elementor-widget-heading\" data-id=\"43b8c39\" data-element_type=\"widget\" data-e-type=\"widget\" data-widget_type=\"heading.default\">\n\t\t\t\t<div class=\"elementor-widget-container\">\n\t\t\t\t\t<h2 class=\"elementor-heading-title elementor-size-default\">Impressum<\/h2>\t\t\t\t<\/div>\n\t\t\t\t<\/div>\n\t\t\t\t<div class=\"elementor-element elementor-element-503a0b3 elementor-widget elementor-widget-text-editor\" data-id=\"503a0b3\" data-element_type=\"widget\" data-e-type=\"widget\" data-widget_type=\"text-editor.default\">\n\t\t\t\t<div class=\"elementor-widget-container\">\n\t\t\t\t\t\t\t\t\t<p><strong>ANRIN GmbH<\/strong><br \/>Siemensstr. 1<br \/>59609 Anr\u00f6chte<br \/>Telefon: +49 (0) 29 47.97 81-0<br \/>Fax: +49 (0) 29 47.97 81-50<br \/>Mail: <a href=\"mailto:info@anrin.com\">info@anrin.com<\/a><br \/>Web: www.anrin.com<\/p>\n<p>Registergericht: Amtsgericht Paderborn HRB 5228<br \/>Umsatzsteuer-ID-Nr.: DE 811843623<\/p>\n<p>Gesch\u00e4ftsf\u00fchrer: Dipl.-Ing. Gerald Broermann, Dipl.-Kfm. Markus B\u00fcrger<\/p>\n<p>Verantwortlich f\u00fcr den Inhalt: ANRIN GmbH<\/p>\n\t\t\t\t\t\t\t\t<\/div>\n\t\t\t\t<\/div>\n\t\t\t\t<\/div>\n\t\t\t\t\t<\/div>\n\t\t\t\t<\/div>\n\t\t\t\t<\/div>\n\t\t","protected":false},"excerpt":{"rendered":"<p>Impressum ANRIN GmbHSiemensstr. 159609 Anr\u00f6chteTelefon: +49 (0) 29 47.97 81-0Fax: +49 (0) 29 47.97 81-50Mail: info@anrin.comWeb: www.anrin.com Registergericht: Amtsgericht Paderborn HRB 5228Umsatzsteuer-ID-Nr.: DE 811843623 Gesch\u00e4ftsf\u00fchrer: Dipl.-Ing. Gerald Broermann, Dipl.-Kfm. Markus B\u00fcrger Verantwortlich f\u00fcr den Inhalt: ANRIN GmbH<\/p>\n","protected":false},"author":1,"featured_media":0,"parent":0,"menu_order":0,"comment_status":"closed","ping_status":"closed","template":"","meta":{"inline_featured_image":false,"iawp_total_views":1,"footnotes":""},"class_list":["post-883","page","type-page","status-publish","hentry"],"yoast_head":"<!-- This site is optimized with the Yoast SEO plugin v27.2 - https:\/\/yoast.com\/product\/yoast-seo-wordpress\/ -->\n<title>Impressum - ANRIN Projekt<\/title>\n<meta name=\"robots\" content=\"index, follow, max-snippet:-1, max-image-preview:large, max-video-preview:-1\" \/>\n<link rel=\"canonical\" href=\"https:\/\/projekt.anrin.se\/de\/impressum\/\" \/>\n<meta property=\"og:locale\" content=\"de_DE\" \/>\n<meta property=\"og:type\" content=\"article\" \/>\n<meta property=\"og:title\" content=\"Impressum - ANRIN Projekt\" \/>\n<meta property=\"og:description\" content=\"Impressum ANRIN GmbHSiemensstr. 159609 Anr\u00f6chteTelefon: +49 (0) 29 47.97 81-0Fax: +49 (0) 29 47.97 81-50Mail: info@anrin.comWeb: www.anrin.com Registergericht: Amtsgericht Paderborn HRB 5228Umsatzsteuer-ID-Nr.: DE 811843623 Gesch\u00e4ftsf\u00fchrer: Dipl.-Ing. Gerald Broermann, Dipl.-Kfm. Markus B\u00fcrger Verantwortlich f\u00fcr den Inhalt: ANRIN GmbH\" \/>\n<meta property=\"og:url\" content=\"https:\/\/projekt.anrin.se\/de\/impressum\/\" \/>\n<meta property=\"og:site_name\" content=\"ANRIN Projekt\" \/>\n<meta property=\"article:modified_time\" content=\"2024-10-30T10:12:45+00:00\" \/>\n<meta name=\"twitter:card\" content=\"summary_large_image\" \/>\n<script type=\"application\/ld+json\" class=\"yoast-schema-graph\">{\"@context\":\"https:\/\/schema.org\",\"@graph\":[{\"@type\":\"WebPage\",\"@id\":\"https:\/\/projekt.anrin.se\/de\/impressum\/\",\"url\":\"https:\/\/projekt.anrin.se\/de\/impressum\/\",\"name\":\"Impressum - ANRIN Projekt\",\"isPartOf\":{\"@id\":\"https:\/\/projekt.anrin.se\/de\/#website\"},\"datePublished\":\"2024-10-30T10:10:49+00:00\",\"dateModified\":\"2024-10-30T10:12:45+00:00\",\"breadcrumb\":{\"@id\":\"https:\/\/projekt.anrin.se\/de\/impressum\/#breadcrumb\"},\"inLanguage\":\"de\",\"potentialAction\":[{\"@type\":\"ReadAction\",\"target\":[\"https:\/\/projekt.anrin.se\/de\/impressum\/\"]}]},{\"@type\":\"BreadcrumbList\",\"@id\":\"https:\/\/projekt.anrin.se\/de\/impressum\/#breadcrumb\",\"itemListElement\":[{\"@type\":\"ListItem\",\"position\":1,\"name\":\"Home\",\"item\":\"https:\/\/projekt.anrin.se\/de\/\"},{\"@type\":\"ListItem\",\"position\":2,\"name\":\"Impressum\"}]},{\"@type\":\"WebSite\",\"@id\":\"https:\/\/projekt.anrin.se\/de\/#website\",\"url\":\"https:\/\/projekt.anrin.se\/de\/\",\"name\":\"ANRIN Projekt\",\"description\":\"\",\"publisher\":{\"@id\":\"https:\/\/projekt.anrin.se\/de\/#organization\"},\"potentialAction\":[{\"@type\":\"SearchAction\",\"target\":{\"@type\":\"EntryPoint\",\"urlTemplate\":\"https:\/\/projekt.anrin.se\/de\/?s={search_term_string}\"},\"query-input\":{\"@type\":\"PropertyValueSpecification\",\"valueRequired\":true,\"valueName\":\"search_term_string\"}}],\"inLanguage\":\"de\"},{\"@type\":\"Organization\",\"@id\":\"https:\/\/projekt.anrin.se\/de\/#organization\",\"name\":\"ANRIN Projekt\",\"url\":\"https:\/\/projekt.anrin.se\/de\/\",\"logo\":{\"@type\":\"ImageObject\",\"inLanguage\":\"de\",\"@id\":\"https:\/\/projekt.anrin.se\/de\/#\/schema\/logo\/image\/\",\"url\":\"https:\/\/projekt.anrin.se\/wp-content\/uploads\/2024\/01\/ANRIN_Logo_schwarz_2.svg\",\"contentUrl\":\"https:\/\/projekt.anrin.se\/wp-content\/uploads\/2024\/01\/ANRIN_Logo_schwarz_2.svg\",\"width\":273.7,\"height\":59.4,\"caption\":\"ANRIN Projekt\"},\"image\":{\"@id\":\"https:\/\/projekt.anrin.se\/de\/#\/schema\/logo\/image\/\"}}]}<\/script>\n<!-- \/ Yoast SEO plugin. -->","yoast_head_json":{"title":"Impressum - ANRIN Projekt","robots":{"index":"index","follow":"follow","max-snippet":"max-snippet:-1","max-image-preview":"max-image-preview:large","max-video-preview":"max-video-preview:-1"},"canonical":"https:\/\/projekt.anrin.se\/de\/impressum\/","og_locale":"de_DE","og_type":"article","og_title":"Impressum - ANRIN Projekt","og_description":"Impressum ANRIN GmbHSiemensstr. 159609 Anr\u00f6chteTelefon: +49 (0) 29 47.97 81-0Fax: +49 (0) 29 47.97 81-50Mail: info@anrin.comWeb: www.anrin.com Registergericht: Amtsgericht Paderborn HRB 5228Umsatzsteuer-ID-Nr.: DE 811843623 Gesch\u00e4ftsf\u00fchrer: Dipl.-Ing. Gerald Broermann, Dipl.-Kfm. Markus B\u00fcrger Verantwortlich f\u00fcr den Inhalt: ANRIN GmbH","og_url":"https:\/\/projekt.anrin.se\/de\/impressum\/","og_site_name":"ANRIN Projekt","article_modified_time":"2024-10-30T10:12:45+00:00","twitter_card":"summary_large_image","schema":{"@context":"https:\/\/schema.org","@graph":[{"@type":"WebPage","@id":"https:\/\/projekt.anrin.se\/de\/impressum\/","url":"https:\/\/projekt.anrin.se\/de\/impressum\/","name":"Impressum - ANRIN Projekt","isPartOf":{"@id":"https:\/\/projekt.anrin.se\/de\/#website"},"datePublished":"2024-10-30T10:10:49+00:00","dateModified":"2024-10-30T10:12:45+00:00","breadcrumb":{"@id":"https:\/\/projekt.anrin.se\/de\/impressum\/#breadcrumb"},"inLanguage":"de","potentialAction":[{"@type":"ReadAction","target":["https:\/\/projekt.anrin.se\/de\/impressum\/"]}]},{"@type":"BreadcrumbList","@id":"https:\/\/projekt.anrin.se\/de\/impressum\/#breadcrumb","itemListElement":[{"@type":"ListItem","position":1,"name":"Home","item":"https:\/\/projekt.anrin.se\/de\/"},{"@type":"ListItem","position":2,"name":"Impressum"}]},{"@type":"WebSite","@id":"https:\/\/projekt.anrin.se\/de\/#website","url":"https:\/\/projekt.anrin.se\/de\/","name":"ANRIN Projekt","description":"","publisher":{"@id":"https:\/\/projekt.anrin.se\/de\/#organization"},"potentialAction":[{"@type":"SearchAction","target":{"@type":"EntryPoint","urlTemplate":"https:\/\/projekt.anrin.se\/de\/?s={search_term_string}"},"query-input":{"@type":"PropertyValueSpecification","valueRequired":true,"valueName":"search_term_string"}}],"inLanguage":"de"},{"@type":"Organization","@id":"https:\/\/projekt.anrin.se\/de\/#organization","name":"ANRIN Projekt","url":"https:\/\/projekt.anrin.se\/de\/","logo":{"@type":"ImageObject","inLanguage":"de","@id":"https:\/\/projekt.anrin.se\/de\/#\/schema\/logo\/image\/","url":"https:\/\/projekt.anrin.se\/wp-content\/uploads\/2024\/01\/ANRIN_Logo_schwarz_2.svg","contentUrl":"https:\/\/projekt.anrin.se\/wp-content\/uploads\/2024\/01\/ANRIN_Logo_schwarz_2.svg","width":273.7,"height":59.4,"caption":"ANRIN Projekt"},"image":{"@id":"https:\/\/projekt.anrin.se\/de\/#\/schema\/logo\/image\/"}}]}},"_links":{"self":[{"href":"https:\/\/projekt.anrin.se\/de\/wp-json\/wp\/v2\/pages\/883","targetHints":{"allow":["GET"]}}],"collection":[{"href":"https:\/\/projekt.anrin.se\/de\/wp-json\/wp\/v2\/pages"}],"about":[{"href":"https:\/\/projekt.anrin.se\/de\/wp-json\/wp\/v2\/types\/page"}],"author":[{"embeddable":true,"href":"https:\/\/projekt.anrin.se\/de\/wp-json\/wp\/v2\/users\/1"}],"replies":[{"embeddable":true,"href":"https:\/\/projekt.anrin.se\/de\/wp-json\/wp\/v2\/comments?post=883"}],"version-history":[{"count":3,"href":"https:\/\/projekt.anrin.se\/de\/wp-json\/wp\/v2\/pages\/883\/revisions"}],"predecessor-version":[{"id":886,"href":"https:\/\/projekt.anrin.se\/de\/wp-json\/wp\/v2\/pages\/883\/revisions\/886"}],"wp:attachment":[{"href":"https:\/\/projekt.anrin.se\/de\/wp-json\/wp\/v2\/media?parent=883"}],"curies":[{"name":"wp","href":"https:\/\/api.w.org\/{rel}","templated":true}]}}